{"id":99,"date":"2025-11-20T17:19:58","date_gmt":"2025-11-20T17:19:58","guid":{"rendered":"https:\/\/tidyindustrial.com.mx\/?page_id=99"},"modified":"2025-11-20T23:57:39","modified_gmt":"2025-11-20T23:57:39","slug":"nosotros","status":"publish","type":"page","link":"https:\/\/tidyindustrial.com.mx\/index.php\/nosotros\/","title":{"rendered":"NOSOTROS"},"content":{"rendered":"\n<div class=\"wp-block-cover is-light\" style=\"min-height:100vh;aspect-ratio:unset;\"><img loading=\"lazy\" decoding=\"async\" width=\"1024\" height=\"768\" class=\"wp-block-cover__image-background wp-image-26 size-large\" alt=\"\" src=\"https:\/\/tidyindustrial.com.mx\/wp-content\/uploads\/2025\/11\/IMG20251021161150-1024x768.jpg\" data-object-fit=\"cover\" srcset=\"https:\/\/tidyindustrial.com.mx\/wp-content\/uploads\/2025\/11\/IMG20251021161150-1024x768.jpg 1024w, https:\/\/tidyindustrial.com.mx\/wp-content\/uploads\/2025\/11\/IMG20251021161150-300x225.jpg 300w, https:\/\/tidyindustrial.com.mx\/wp-content\/uploads\/2025\/11\/IMG20251021161150-768x576.jpg 768w, https:\/\/tidyindustrial.com.mx\/wp-content\/uploads\/2025\/11\/IMG20251021161150-1536x1152.jpg 1536w, https:\/\/tidyindustrial.com.mx\/wp-content\/uploads\/2025\/11\/IMG20251021161150-2048x1536.jpg 2048w\" sizes=\"auto, (max-width: 1024px) 100vw, 1024px\" \/><span aria-hidden=\"true\" class=\"wp-block-cover__background has-background-dim\" style=\"background-color:#bfcacf\"><\/span><div class=\"wp-block-cover__inner-container is-layout-constrained wp-block-cover-is-layout-constrained\">\n<p class=\"has-text-align-center\" style=\"font-size:59px\">Nosotros<\/p>\n\n\n\n<div class=\"wp-block-group\"><div class=\"wp-block-group__inner-container is-layout-constrained wp-block-group-is-layout-constrained\">\n<p style=\"font-size:24px\">En <strong><mark style=\"background-color:rgba(0, 0, 0, 0);color:#31bd00\" class=\"has-inline-color\">Tidy Industrial<\/mark> <\/strong>creemos que la limpieza habla de la calidad y el compromiso de cada empresa. Somos una compa\u00f1\u00eda <strong>100% sonorense<\/strong>, dedicada a la <strong>fabricaci\u00f3n y envasado de productos de limpieza<\/strong> dise\u00f1ados para ofrecer resultados profesionales en cualquier entorno. <\/p>\n\n\n\n<p style=\"font-size:24px\">Elaboramos <strong>jabones, desengrasantes, aromatizantes, detergentes, limpiadores multiusos y soluciones especializadas<\/strong>, cuidando cada proceso para garantizar productos confiables, seguros y de alto rendimiento.<br>Nuestros procesos est\u00e1n dise\u00f1ados para cumplir con las necesidades de hogares, negocios e industrias, siempre ofreciendo calidad, eficiencia y el mejor servicio.<\/p>\n\n\n\n<p style=\"font-size:24px\">Operamos con presencia en <strong>Hermosillo y Nogales<\/strong>, brindando atenci\u00f3n personalizada, tiempos de entrega r\u00e1pidos y acompa\u00f1amiento en cada solicitud de nuestros clientes.<\/p>\n\n\n\n<p style=\"font-size:24px\">En <strong><mark style=\"background-color:rgba(0, 0, 0, 0);color:#31bd00\" class=\"has-inline-color\">Tidy Industrial<\/mark><\/strong> trabajamos con orgullo, compromiso y dedicaci\u00f3n para crear productos que representan la confianza y el esfuerzo de nuestra gente.<\/p>\n<\/div><\/div>\n<\/div><\/div>\n\n\n\n<div class=\"wp-block-columns is-layout-flex wp-container-core-columns-is-layout-9d6595d7 wp-block-columns-is-layout-flex\">\n<div class=\"wp-block-column is-layout-flow wp-block-column-is-layout-flow\">\n<div class=\"wp-block-cover is-light\"><img loading=\"lazy\" decoding=\"async\" width=\"960\" height=\"720\" class=\"wp-block-cover__image-background wp-image-133 size-full\" alt=\"\" src=\"https:\/\/tidyindustrial.com.mx\/wp-content\/uploads\/2025\/11\/Diapositiva2.png\" data-object-fit=\"cover\" srcset=\"https:\/\/tidyindustrial.com.mx\/wp-content\/uploads\/2025\/11\/Diapositiva2.png 960w, https:\/\/tidyindustrial.com.mx\/wp-content\/uploads\/2025\/11\/Diapositiva2-300x225.png 300w, https:\/\/tidyindustrial.com.mx\/wp-content\/uploads\/2025\/11\/Diapositiva2-768x576.png 768w\" sizes=\"auto, (max-width: 960px) 100vw, 960px\" \/><span aria-hidden=\"true\" class=\"wp-block-cover__background has-background-dim\" style=\"background-color:#e0eae0\"><\/span><div class=\"wp-block-cover__inner-container is-layout-constrained wp-block-cover-is-layout-constrained\">\n<p class=\"has-text-align-center\" style=\"font-size:27px\"><strong>MISI\u00d3N<\/strong><\/p>\n\n\n\n<p class=\"has-text-align-center\" style=\"font-size:24px\">Producir y ofrecer <strong>productos de limpieza de alta calidad<\/strong>, elaborados mediante procesos seguros y eficientes, que satisfagan las necesidades de nuestros clientes y contribuyan a espacios m\u00e1s limpios y saludables.<\/p>\n<\/div><\/div>\n<\/div>\n\n\n\n<div class=\"wp-block-column is-layout-flow wp-block-column-is-layout-flow\">\n<div class=\"wp-block-cover is-light\"><img loading=\"lazy\" decoding=\"async\" width=\"960\" height=\"720\" class=\"wp-block-cover__image-background wp-image-132 size-full\" alt=\"\" src=\"https:\/\/tidyindustrial.com.mx\/wp-content\/uploads\/2025\/11\/Diapositiva1.png\" data-object-fit=\"cover\" srcset=\"https:\/\/tidyindustrial.com.mx\/wp-content\/uploads\/2025\/11\/Diapositiva1.png 960w, https:\/\/tidyindustrial.com.mx\/wp-content\/uploads\/2025\/11\/Diapositiva1-300x225.png 300w, https:\/\/tidyindustrial.com.mx\/wp-content\/uploads\/2025\/11\/Diapositiva1-768x576.png 768w\" sizes=\"auto, (max-width: 960px) 100vw, 960px\" \/><span aria-hidden=\"true\" class=\"wp-block-cover__background has-background-dim\" style=\"background-color:#e7ede7\"><\/span><div class=\"wp-block-cover__inner-container is-layout-constrained wp-block-cover-is-layout-constrained\">\n<p class=\"has-text-align-center\" style=\"font-size:27px\"><strong><strong>VISI\u00d3N<\/strong><\/strong><\/p>\n\n\n\n<p class=\"has-text-align-center\" style=\"font-size:24px\">Ser una empresa l\u00edder en Sonora en la fabricaci\u00f3n de productos de limpieza, reconocida por su calidad, innovaci\u00f3n, responsabilidad y servicio cercano al cliente.<\/p>\n<\/div><\/div>\n<\/div>\n\n\n\n<div class=\"wp-block-column is-layout-flow wp-block-column-is-layout-flow\">\n<div class=\"wp-block-cover is-light\"><img loading=\"lazy\" decoding=\"async\" width=\"960\" height=\"720\" class=\"wp-block-cover__image-background wp-image-134 size-full\" alt=\"\" src=\"https:\/\/tidyindustrial.com.mx\/wp-content\/uploads\/2025\/11\/Diapositiva3.png\" data-object-fit=\"cover\" srcset=\"https:\/\/tidyindustrial.com.mx\/wp-content\/uploads\/2025\/11\/Diapositiva3.png 960w, https:\/\/tidyindustrial.com.mx\/wp-content\/uploads\/2025\/11\/Diapositiva3-300x225.png 300w, https:\/\/tidyindustrial.com.mx\/wp-content\/uploads\/2025\/11\/Diapositiva3-768x576.png 768w\" sizes=\"auto, (max-width: 960px) 100vw, 960px\" \/><span aria-hidden=\"true\" class=\"wp-block-cover__background has-background-dim\" style=\"background-color:#e5eae4\"><\/span><div class=\"wp-block-cover__inner-container is-layout-constrained wp-block-cover-is-layout-constrained\">\n<p class=\"has-text-align-center\" style=\"font-size:27px\"><strong><strong>VALORES<\/strong><\/strong><\/p>\n\n\n\n<div class=\"wp-block-group\"><div class=\"wp-block-group__inner-container is-layout-constrained wp-block-group-is-layout-constrained\">\n<div class=\"wp-block-group\" style=\"font-size:24px\"><div class=\"wp-block-group__inner-container is-layout-constrained wp-block-group-is-layout-constrained\">\n<ul class=\"wp-block-list\">\n<li><strong>Calidad:<\/strong> <\/li>\n<\/ul>\n\n\n\n<ul class=\"wp-block-list\">\n<li><strong>Responsabilidad:<\/strong> <\/li>\n<\/ul>\n\n\n\n<ul class=\"wp-block-list\">\n<li><strong>Servicio:<\/strong><\/li>\n<\/ul>\n\n\n\n<ul class=\"wp-block-list\">\n<li><strong>Honestidad:<\/strong><\/li>\n<\/ul>\n\n\n\n<ul class=\"wp-block-list\">\n<li><strong>Compromiso:<\/strong><\/li>\n<\/ul>\n<\/div><\/div>\n<\/div><\/div>\n<\/div><\/div>\n<\/div>\n<\/div>\n\n\n\n<p class=\"has-text-align-center has-black-color has-text-color has-link-color has-large-font-size wp-elements-ce5f36f64bb5b7bfd38e17b1a7f360ba\">\u201c<strong><mark style=\"background-color:rgba(0, 0, 0, 0);color:#31bd00\" class=\"has-inline-color\">Tidy Industrial<\/mark><\/strong>: soluciones de limpieza que hablan por ti.\u201d<\/p>\n\n\n\n<p><\/p>\n","protected":false},"excerpt":{"rendered":"<p>\u201cTidy Industrial: soluciones de limpieza que hablan por ti.\u201d<\/p>\n","protected":false},"author":1,"featured_media":0,"parent":0,"menu_order":0,"comment_status":"closed","ping_status":"closed","template":"","meta":{"footnotes":""},"class_list":["post-99","page","type-page","status-publish","hentry"],"_links":{"self":[{"href":"https:\/\/tidyindustrial.com.mx\/index.php\/wp-json\/wp\/v2\/pages\/99","targetHints":{"allow":["GET"]}}],"collection":[{"href":"https:\/\/tidyindustrial.com.mx\/index.php\/wp-json\/wp\/v2\/pages"}],"about":[{"href":"https:\/\/tidyindustrial.com.mx\/index.php\/wp-json\/wp\/v2\/types\/page"}],"author":[{"embeddable":true,"href":"https:\/\/tidyindustrial.com.mx\/index.php\/wp-json\/wp\/v2\/users\/1"}],"replies":[{"embeddable":true,"href":"https:\/\/tidyindustrial.com.mx\/index.php\/wp-json\/wp\/v2\/comments?post=99"}],"version-history":[{"count":19,"href":"https:\/\/tidyindustrial.com.mx\/index.php\/wp-json\/wp\/v2\/pages\/99\/revisions"}],"predecessor-version":[{"id":142,"href":"https:\/\/tidyindustrial.com.mx\/index.php\/wp-json\/wp\/v2\/pages\/99\/revisions\/142"}],"wp:attachment":[{"href":"https:\/\/tidyindustrial.com.mx\/index.php\/wp-json\/wp\/v2\/media?parent=99"}],"curies":[{"name":"wp","href":"https:\/\/api.w.org\/{rel}","templated":true}]}}